{"id":941,"date":"2020-11-16T09:51:32","date_gmt":"2020-11-16T09:51:32","guid":{"rendered":"http:\/\/spybrew.dk\/?page_id=941"},"modified":"2020-11-16T09:53:06","modified_gmt":"2020-11-16T09:53:06","slug":"spybrews-aabningsfest","status":"publish","type":"page","link":"https:\/\/spybrew.dk\/?page_id=941","title":{"rendered":"Spybrews \u00e5bningsfest"},"content":{"rendered":"\n<p>Du kan l\u00e6se om bryggeriets \u00e5bningsfest ved at klikke p\u00e5 dette link:<\/p>\n\n\n\n<div class=\"wp-block-file\"><a href=\"https:\/\/spybrew.dk\/wp-content\/uploads\/2020\/11\/OeLentusiasteN_Spybrew_aabningsfest.pdf\">\u00d8LentusiasteN_Spybrew_\u00e5bningsfest<\/a><a href=\"https:\/\/spybrew.dk\/wp-content\/uploads\/2020\/11\/OeLentusiasteN_Spybrew_aabningsfest.pdf\" class=\"wp-block-file__button\" download>Download<\/a><\/div>\n\n\n\n<p><\/p>\n","protected":false},"excerpt":{"rendered":"<p>Du kan l\u00e6se om bryggeriets \u00e5bningsfest ved at klikke p\u00e5 dette link:<\/p>\n","protected":false},"author":1,"featured_media":0,"parent":0,"menu_order":0,"comment_status":"closed","ping_status":"closed","template":"","meta":{"footnotes":""},"class_list":["post-941","page","type-page","status-publish","hentry"],"_links":{"self":[{"href":"https:\/\/spybrew.dk\/index.php?rest_route=\/wp\/v2\/pages\/941","targetHints":{"allow":["GET"]}}],"collection":[{"href":"https:\/\/spybrew.dk\/index.php?rest_route=\/wp\/v2\/pages"}],"about":[{"href":"https:\/\/spybrew.dk\/index.php?rest_route=\/wp\/v2\/types\/page"}],"author":[{"embeddable":true,"href":"https:\/\/spybrew.dk\/index.php?rest_route=\/wp\/v2\/users\/1"}],"replies":[{"embeddable":true,"href":"https:\/\/spybrew.dk\/index.php?rest_route=%2Fwp%2Fv2%2Fcomments&post=941"}],"version-history":[{"count":3,"href":"https:\/\/spybrew.dk\/index.php?rest_route=\/wp\/v2\/pages\/941\/revisions"}],"predecessor-version":[{"id":945,"href":"https:\/\/spybrew.dk\/index.php?rest_route=\/wp\/v2\/pages\/941\/revisions\/945"}],"wp:attachment":[{"href":"https:\/\/spybrew.dk\/index.php?rest_route=%2Fwp%2Fv2%2Fmedia&parent=941"}],"curies":[{"name":"wp","href":"https:\/\/api.w.org\/{rel}","templated":true}]}}