{"id":9,"date":"2014-06-26T15:01:11","date_gmt":"2014-06-26T15:01:11","guid":{"rendered":"http:\/\/spybrew.dk\/?page_id=9"},"modified":"2026-01-19T20:56:18","modified_gmt":"2026-01-19T20:56:18","slug":"firmaprofil","status":"publish","type":"page","link":"https:\/\/spybrew.dk\/","title":{"rendered":"Firmaprofil"},"content":{"rendered":"<p>Firmanavn: Spybrew<br \/>Indehaver: Jens Lynge Larsen<br \/>CVR-nummer: 10182964<br \/>Adresse: Arnold Nielsens Boulevard 71, 2650 Hvidovre<br \/>Telefon: 4054 9759<br \/>Mail: jens@spybrew.dk<br \/>Medlem af <a href=\"https:\/\/danskbrygmester.dk\" target=\"_blank\" rel=\"noopener\">Dansk Brygmester Forening<\/a><\/p>\n<p>Kontrolrapport: <a href=\"https:\/\/www.findsmiley.dk\/931665\" target=\"_blank\" rel=\"noopener noreferrer\">Klik her<\/a><\/p>\n<p>Du kan f\u00f8lge Spybrew p\u00e5 Facebook <a href=\"https:\/\/www.facebook.com\/spybrew?ref_type=bookmark\" target=\"_blank\" rel=\"noopener noreferrer\">her<\/a> og p\u00e5 Instagram <a href=\"http:\/\/instagram.com\/spybrew\" target=\"_blank\" rel=\"noopener noreferrer\">her<\/a><\/p>\n\n\n<p><\/p>\n","protected":false},"excerpt":{"rendered":"<p>Firmanavn: SpybrewIndehaver: Jens Lynge LarsenCVR-nummer: 10182964Adresse: Arnold Nielsens Boulevard 71, 2650 HvidovreTelefon: 4054 9759Mail: jens@spybrew.dkMedlem af Dansk Brygmester Forening Kontrolrapport: Klik her Du kan f\u00f8lge Spybrew p\u00e5 Facebook her og p\u00e5 Instagram her<\/p>\n","protected":false},"author":1,"featured_media":0,"parent":0,"menu_order":0,"comment_status":"closed","ping_status":"closed","template":"","meta":{"footnotes":""},"class_list":["post-9","page","type-page","status-publish","hentry"],"_links":{"self":[{"href":"https:\/\/spybrew.dk\/index.php?rest_route=\/wp\/v2\/pages\/9","targetHints":{"allow":["GET"]}}],"collection":[{"href":"https:\/\/spybrew.dk\/index.php?rest_route=\/wp\/v2\/pages"}],"about":[{"href":"https:\/\/spybrew.dk\/index.php?rest_route=\/wp\/v2\/types\/page"}],"author":[{"embeddable":true,"href":"https:\/\/spybrew.dk\/index.php?rest_route=\/wp\/v2\/users\/1"}],"replies":[{"embeddable":true,"href":"https:\/\/spybrew.dk\/index.php?rest_route=%2Fwp%2Fv2%2Fcomments&post=9"}],"version-history":[{"count":31,"href":"https:\/\/spybrew.dk\/index.php?rest_route=\/wp\/v2\/pages\/9\/revisions"}],"predecessor-version":[{"id":1093,"href":"https:\/\/spybrew.dk\/index.php?rest_route=\/wp\/v2\/pages\/9\/revisions\/1093"}],"wp:attachment":[{"href":"https:\/\/spybrew.dk\/index.php?rest_route=%2Fwp%2Fv2%2Fmedia&parent=9"}],"curies":[{"name":"wp","href":"https:\/\/api.w.org\/{rel}","templated":true}]}}