{"id":244,"date":"2015-02-26T16:43:29","date_gmt":"2015-02-26T16:43:29","guid":{"rendered":"http:\/\/spybrew.dk\/?page_id=244"},"modified":"2026-02-10T13:18:38","modified_gmt":"2026-02-10T13:18:38","slug":"billeder-2","status":"publish","type":"page","link":"https:\/\/spybrew.dk\/?page_id=244","title":{"rendered":"\u00d8l p\u00e5 hanen"},"content":{"rendered":"<p>Du vil typisk kunne finde \u00f8l fra Spybrew p\u00e5 f\u00f8lgende \u00f8lbarer (i alfabetisk r\u00e6kkef\u00f8lge):<\/p>\n<ul>\n<li><a href=\"https:\/\/www.facebook.com\/detgamlehundebad\" target=\"_blank\" rel=\"noopener\">Det gamle Hundebad<\/a><\/li>\n<li><a href=\"https:\/\/www.facebook.com\/hvidovrevinhus\" target=\"_blank\" rel=\"noopener\">Hvidovre Vinhus<\/a>*<\/li>\n<li><a href=\"https:\/\/www.facebook.com\/RestaurantGAARDEN\" target=\"_blank\" rel=\"noopener\">Restaurant GAARDEN<\/a>*<\/li>\n<li><a href=\"https:\/\/www.facebook.com\/profile.php?id=100063818894873\" target=\"_blank\" rel=\"noopener\">Smagen af \u00d8l<\/a>*<\/li>\n<li><a href=\"https:\/\/www.facebook.com\/rigahvidovre\" target=\"_blank\" rel=\"noopener\">Spillesteder RIGA i Hvidovre<\/a>*<\/li>\n<li><a href=\"https:\/\/www.facebook.com\/wikameny\" target=\"_blank\" rel=\"noopener\">Wika Menu K\u00f8ge<\/a>*<\/li>\n<li><a href=\"https:\/\/olbiksen.dk\/\" target=\"_blank\" rel=\"noopener\">\u00d8lbiksen<\/a>*<\/li>\n<\/ul>\n\n\n<p>Derudover s\u00e6lges der naturligvis \u00f8l p\u00e5 d\u00e5ser direkte fra bryggeriet i Hvidovre. Vi skriver p\u00e5 Facebook, hvilke \u00f8l, der st\u00e5r kolde og klar i bryggeriet.<\/p>\n\n\n\n<p style=\"font-size:11px\">* Disse steder har kun Spybrew\u00f8l p\u00e5 d\u00e5ser.<\/p>\n\n\n\n<figure class=\"wp-block-image size-large\"><img loading=\"lazy\" decoding=\"async\" width=\"960\" height=\"720\" src=\"https:\/\/spybrew.dk\/wp-content\/uploads\/2019\/11\/stefan_brygger.jpg\" alt=\"\" class=\"wp-image-800\" srcset=\"https:\/\/spybrew.dk\/wp-content\/uploads\/2019\/11\/stefan_brygger.jpg 960w, https:\/\/spybrew.dk\/wp-content\/uploads\/2019\/11\/stefan_brygger-300x225.jpg 300w, https:\/\/spybrew.dk\/wp-content\/uploads\/2019\/11\/stefan_brygger-768x576.jpg 768w\" sizes=\"auto, (max-width: 706px) 89vw, (max-width: 767px) 82vw, 740px\" \/><figcaption class=\"wp-element-caption\">Operation Manager m\u00e5ler humle af ved vores samarbejdsbryg med amerikanske Barrier Brewing Co. i NYC (April 2019)<\/figcaption><\/figure>\n\n\n\n<p><\/p>\n","protected":false},"excerpt":{"rendered":"<p>Du vil typisk kunne finde \u00f8l fra Spybrew p\u00e5 f\u00f8lgende \u00f8lbarer (i alfabetisk r\u00e6kkef\u00f8lge): Det gamle Hundebad Hvidovre Vinhus* Restaurant GAARDEN* Smagen af \u00d8l* Spillesteder RIGA i Hvidovre* Wika Menu K\u00f8ge* \u00d8lbiksen* Derudover s\u00e6lges der naturligvis \u00f8l p\u00e5 d\u00e5ser direkte fra bryggeriet i Hvidovre. Vi skriver p\u00e5 Facebook, hvilke \u00f8l, der st\u00e5r kolde og klar &hellip; <\/p>\n<p class=\"link-more\"><a href=\"https:\/\/spybrew.dk\/?page_id=244\" class=\"more-link\">L\u00e6s videre<span class=\"screen-reader-text\"> &#8220;\u00d8l p\u00e5 hanen&#8221;<\/span><\/a><\/p>\n","protected":false},"author":1,"featured_media":0,"parent":0,"menu_order":0,"comment_status":"closed","ping_status":"closed","template":"","meta":{"footnotes":""},"class_list":["post-244","page","type-page","status-publish","hentry"],"_links":{"self":[{"href":"https:\/\/spybrew.dk\/index.php?rest_route=\/wp\/v2\/pages\/244","targetHints":{"allow":["GET"]}}],"collection":[{"href":"https:\/\/spybrew.dk\/index.php?rest_route=\/wp\/v2\/pages"}],"about":[{"href":"https:\/\/spybrew.dk\/index.php?rest_route=\/wp\/v2\/types\/page"}],"author":[{"embeddable":true,"href":"https:\/\/spybrew.dk\/index.php?rest_route=\/wp\/v2\/users\/1"}],"replies":[{"embeddable":true,"href":"https:\/\/spybrew.dk\/index.php?rest_route=%2Fwp%2Fv2%2Fcomments&post=244"}],"version-history":[{"count":46,"href":"https:\/\/spybrew.dk\/index.php?rest_route=\/wp\/v2\/pages\/244\/revisions"}],"predecessor-version":[{"id":1106,"href":"https:\/\/spybrew.dk\/index.php?rest_route=\/wp\/v2\/pages\/244\/revisions\/1106"}],"wp:attachment":[{"href":"https:\/\/spybrew.dk\/index.php?rest_route=%2Fwp%2Fv2%2Fmedia&parent=244"}],"curies":[{"name":"wp","href":"https:\/\/api.w.org\/{rel}","templated":true}]}}